{"id":34,"date":"2022-09-10T21:21:50","date_gmt":"2022-09-10T19:21:50","guid":{"rendered":"http:\/\/aikido-meat.com\/?page_id=34"},"modified":"2022-09-17T00:00:28","modified_gmt":"2022-09-16T22:00:28","slug":"presentation","status":"publish","type":"page","link":"http:\/\/aikido-meat.com\/","title":{"rendered":"Pr\u00e9sentation"},"content":{"rendered":"\n<p>Bienvenue sur le site de Montpellier Ecole d&#8217;A\u00efkido Traditionnel (MEAT).<\/p>\n\n\n\n<p>La MEAT est une association loi 1901 cr\u00e9\u00e9e fin 2003 et dirig\u00e9e par Andr\u00e9 Bouillon Sensei , \u00e9l\u00e8ve d&#8217;Alain Peyrache Shihan, dans le but de promouvoir l\u2019A\u00efkido traditionnel en mettant la priorit\u00e9 sur la pratique au sein d\u2019une \u00e9cole ouverte \u00e0 tous, adultes ou enfants.<\/p>\n\n\n\n<p>Les Dojos de la MEAT permettent \u00e0 tous leurs membres d\u00e9sireux de suivre l&#8217;enseignement d&#8217;Andr\u00e9 Bouillon de s&#8217;entra\u00eener tous les soirs de la semaine : \u00eatre \u00e9l\u00e8ve dans un Dojo MEAT donne acc\u00e8s \u00e0 tous les autres, sans co\u00fbt suppl\u00e9mentaire. <\/p>\n\n\n\n<p>Pour favoriser la pratique de l&#8217;A\u00efkido et les \u00e9changes entre A\u00efkidokas, la MEAT organise aussi bien des stages de port\u00e9e locale, nationale et internationale que des formations \u00e0 destination des enseignants de ses Dojos.<\/p>\n\n\n\n<p>&nbsp;L\u2019\u00e9cole comprend trois Dojos autonomes sur Montpellier et ses environs&nbsp;:<\/p>\n\n\n\n<ul class=\"wp-block-list\"><li><a href=\"https:\/\/aikido-montpellier.org\/informations-pratiques-2022-2023-joffre\/\">Montpellier dojo Joffre<\/a>\u00a0(centre ville)<\/li><li><a rel=\"noreferrer noopener\" href=\"https:\/\/www.facebook.com\/cournonaikido.traditionnel\" target=\"_blank\">Cournonterral<\/a><\/li><li><a rel=\"noreferrer noopener\" href=\"https:\/\/www.grabelsaikido.com\/\" target=\"_blank\">Grabels<\/a><\/li><\/ul>\n\n\n<div class=\"wp-block-image\">\n<figure class=\"aligncenter size-full is-resized\"><img loading=\"lazy\" decoding=\"async\" src=\"http:\/\/aikido-meat.com\/wp-content\/uploads\/2022\/09\/DSCN8172.jpg\" alt=\"\" class=\"wp-image-96\" width=\"544\" height=\"408\" srcset=\"http:\/\/aikido-meat.com\/wp-content\/uploads\/2022\/09\/DSCN8172.jpg 905w, http:\/\/aikido-meat.com\/wp-content\/uploads\/2022\/09\/DSCN8172-300x225.jpg 300w, http:\/\/aikido-meat.com\/wp-content\/uploads\/2022\/09\/DSCN8172-768x576.jpg 768w, http:\/\/aikido-meat.com\/wp-content\/uploads\/2022\/09\/DSCN8172-360x270.jpg 360w\" sizes=\"auto, (max-width: 544px) 100vw, 544px\" \/><\/figure>\n<\/div>","protected":false},"excerpt":{"rendered":"<p>Bienvenue sur le site de Montpellier Ecole d&#8217;A\u00efkido Traditionnel (MEAT). La MEAT est une association loi 1901 cr\u00e9\u00e9e fin 2003 et dirig\u00e9e par Andr\u00e9 Bouillon Sensei , \u00e9l\u00e8ve d&#8217;Alain Peyrache Shihan, dans le but de promouvoir l\u2019A\u00efkido traditionnel en mettant la priorit\u00e9 sur la pratique au sein d\u2019une \u00e9cole ouverte \u00e0 tous, adultes ou enfants. Les Dojos de la MEAT permettent \u00e0 tous leurs membres d\u00e9sireux de suivre l&#8217;enseignement d&#8217;Andr\u00e9 Bouillon de s&#8217;entra\u00eener tous les soirs de la semaine :&#8230;<\/p>\n<p class=\"read-more\"><a class=\"btn btn-default\" href=\"http:\/\/aikido-meat.com\/\"> Read More<span class=\"screen-reader-text\">  Read More<\/span><\/a><\/p>\n","protected":false},"author":1,"featured_media":0,"parent":0,"menu_order":0,"comment_status":"closed","ping_status":"closed","template":"","meta":{"footnotes":""},"class_list":["post-34","page","type-page","status-publish","hentry"],"_links":{"self":[{"href":"http:\/\/aikido-meat.com\/index.php?rest_route=\/wp\/v2\/pages\/34","targetHints":{"allow":["GET"]}}],"collection":[{"href":"http:\/\/aikido-meat.com\/index.php?rest_route=\/wp\/v2\/pages"}],"about":[{"href":"http:\/\/aikido-meat.com\/index.php?rest_route=\/wp\/v2\/types\/page"}],"author":[{"embeddable":true,"href":"http:\/\/aikido-meat.com\/index.php?rest_route=\/wp\/v2\/users\/1"}],"replies":[{"embeddable":true,"href":"http:\/\/aikido-meat.com\/index.php?rest_route=%2Fwp%2Fv2%2Fcomments&post=34"}],"version-history":[{"count":12,"href":"http:\/\/aikido-meat.com\/index.php?rest_route=\/wp\/v2\/pages\/34\/revisions"}],"predecessor-version":[{"id":100,"href":"http:\/\/aikido-meat.com\/index.php?rest_route=\/wp\/v2\/pages\/34\/revisions\/100"}],"wp:attachment":[{"href":"http:\/\/aikido-meat.com\/index.php?rest_route=%2Fwp%2Fv2%2Fmedia&parent=34"}],"curies":[{"name":"wp","href":"https:\/\/api.w.org\/{rel}","templated":true}]}}